{"id":851,"date":"2018-05-23T08:42:48","date_gmt":"2018-05-23T08:42:48","guid":{"rendered":"http:\/\/www.ws-brb.de\/?page_id=851"},"modified":"2018-06-27T09:18:23","modified_gmt":"2018-06-27T09:18:23","slug":"datenschutzerklaerung","status":"publish","type":"page","link":"https:\/\/www.ws-brb.de\/?page_id=851","title":{"rendered":"Datenschutzerkl\u00e4rung"},"content":{"rendered":"<h2>Datenschutzerkl\u00e4rung<\/h2>\n<p>&nbsp;<\/p>\n<h3>Eingebettete Inhalte von anderen Websites<\/h3>\n<p>Beitr\u00e4ge auf dieser Website k\u00f6nnen eingebettete Inhalte beinhalten (z.&nbsp;B. Videos, Bilder, Beitr\u00e4ge etc.). Eingebettete Inhalte von anderen Websites verhalten sich exakt so, als ob der Besucher die andere Website besucht h\u00e4tte.<\/p>\n<p>Diese Websites k\u00f6nnen Daten \u00fcber Sie sammeln, Cookies benutzen, zus\u00e4tzliche Tracking-Dienste von Dritten einbetten und Ihre Interaktion mit diesem eingebetteten Inhalt aufzeichnen, inklusive Ihrer Interaktion mit dem eingebetteten Inhalt, falls Sie ein Konto haben und auf dieser Website angemeldet sind.<\/p>\n<h3>Welche Daten speichern wir?<\/h3>\n<p>Wir erfassen Daten die zur Angebotserstellung, Lieferung und Rechnungsstellen ben\u00f6tigt werden. Desweiteren zur Beantwortung von Supportanfragen und Reklamationen.<\/p>\n<h3>Wie lange speichern wir diese Daten?<\/h3>\n<p>Wir speichern Daten nur so lange, wie es f\u00fcr den jeweiligen Zweck erforderlich&nbsp; und gesetzlich vorgeschrieben ist. Verarbeitungszweck ist zun\u00e4chst die Abwicklung von Kauf oder Mietvertr\u00e4gen. F\u00fcr bestimmte Daten sind Handels und Steuerrechtliche Aufbewahrungsfristen zu beachten.<\/p>\n<h3>Welche Rechte Sie an Ihren Daten haben<\/h3>\n<p>Sie k\u00f6nnen die L\u00f6schung aller personenbezogenen Daten, die wir von Ihnen gespeichert haben, anfordern. Dies umfasst nicht die Daten, die wir aufgrund administrativer, rechtlicher oder sicherheitsrelevanter Notwendigkeiten aufbewahren m\u00fcssen.<\/p>\n<h3>Wohin wir ihre Daten senden<\/h3>\n<p>Besucher-Kommentare k\u00f6nnten von einem automatisierten Dienst zur Spam-Erkennung untersucht werden.<\/p>\n","protected":false},"excerpt":{"rendered":"<p>Datenschutzerkl\u00e4rung &nbsp; Eingebettete Inhalte von anderen Websites Beitr\u00e4ge auf dieser Website k\u00f6nnen eingebettete Inhalte beinhalten (z.&nbsp;B. Videos, Bilder, Beitr\u00e4ge etc.). Eingebettete Inhalte von anderen Websites verhalten sich exakt so, als ob der Besucher die andere Website besucht h\u00e4tte. Diese Websites k\u00f6nnen Daten \u00fcber Sie sammeln, Cookies benutzen, zus\u00e4tzliche Tracking-Dienste von Dritten einbetten und Ihre Interaktion [&hellip;]<\/p>\n","protected":false},"author":1,"featured_media":0,"parent":0,"menu_order":0,"comment_status":"closed","ping_status":"closed","template":"","meta":{"ngg_post_thumbnail":0},"_links":{"self":[{"href":"https:\/\/www.ws-brb.de\/index.php?rest_route=\/wp\/v2\/pages\/851"}],"collection":[{"href":"https:\/\/www.ws-brb.de\/index.php?rest_route=\/wp\/v2\/pages"}],"about":[{"href":"https:\/\/www.ws-brb.de\/index.php?rest_route=\/wp\/v2\/types\/page"}],"author":[{"embeddable":true,"href":"https:\/\/www.ws-brb.de\/index.php?rest_route=\/wp\/v2\/users\/1"}],"replies":[{"embeddable":true,"href":"https:\/\/www.ws-brb.de\/index.php?rest_route=%2Fwp%2Fv2%2Fcomments&post=851"}],"version-history":[{"count":5,"href":"https:\/\/www.ws-brb.de\/index.php?rest_route=\/wp\/v2\/pages\/851\/revisions"}],"predecessor-version":[{"id":859,"href":"https:\/\/www.ws-brb.de\/index.php?rest_route=\/wp\/v2\/pages\/851\/revisions\/859"}],"wp:attachment":[{"href":"https:\/\/www.ws-brb.de\/index.php?rest_route=%2Fwp%2Fv2%2Fmedia&parent=851"}],"curies":[{"name":"wp","href":"https:\/\/api.w.org\/{rel}","templated":true}]}}