{"id":188,"date":"2015-03-10T09:34:28","date_gmt":"2015-03-10T09:34:28","guid":{"rendered":"http:\/\/www.ws-brb.de\/?page_id=188"},"modified":"2016-06-09T08:06:30","modified_gmt":"2016-06-09T08:06:30","slug":"betonkosmetik","status":"publish","type":"page","link":"https:\/\/www.ws-brb.de\/?page_id=188","title":{"rendered":"Betonkosmetik"},"content":{"rendered":"<h3>Betonkosmetik<\/h3>\n<p>Unsere geschulten und erfahrenen Verarbeiter verwandeln mit hochwertigen Kosmetikspachteln\u00a0aus der Produktpalette der MC-Bauchemie, schadhafte Betonfl\u00e4chen\u00a0z.B. bei Kantenausbr\u00fcchen, Kiesnestern, Farbunterschieden oder Verschmutzungen in eindrucksvolle Betonfl\u00e4chen.\u00a0<span style=\"line-height: 1.5;\">Wir f\u00fchren f\u00fcr Sie z.B. Fein- und Grobspachtelungen von Fl\u00e4chen, Reprofilierung von Kanten und sichtbar bleibenden Fugen sowie Schlie\u00dfung von starren Fugen und Ankerl\u00f6chern durch.<\/span><\/p>\n<!-- index.php -->\n<div\n\tclass=\"ngg-galleryoverview ngg-ajax-pagination-none\"\n\tid=\"ngg-gallery-7bdaad19567be9428688c3d8cbbbf75a-1\">\n\n    \t\t<!-- Thumbnails -->\n\t\t\t\t<div id=\"ngg-image-0\" class=\"ngg-gallery-thumbnail-box\" >\n\t\t\t\t        <div class=\"ngg-gallery-thumbnail\">\n            <a href=\"https:\/\/www.ws-brb.de\/wp-content\/gallery\/betonkosmetik\/bk-1.jpg\"\n               title=\"\"\n               data-src=\"https:\/\/www.ws-brb.de\/wp-content\/gallery\/betonkosmetik\/bk-1.jpg\"\n               data-thumbnail=\"https:\/\/www.ws-brb.de\/wp-content\/gallery\/betonkosmetik\/thumbs\/thumbs_bk-1.jpg\"\n               data-image-id=\"82\"\n               data-title=\"bk-1\"\n               data-description=\"\"\n               data-image-slug=\"bk-1\"\n               class=\"ngg-fancybox\" rel=\"7bdaad19567be9428688c3d8cbbbf75a\">\n                <img\n                    title=\"bk-1\"\n                    alt=\"bk-1\"\n                    src=\"https:\/\/www.ws-brb.de\/wp-content\/gallery\/betonkosmetik\/thumbs\/thumbs_bk-1.jpg\"\n                    width=\"120\"\n                    height=\"90\"\n                    style=\"max-width:100%;\"\n                \/>\n            <\/a>\n        <\/div>\n\t\t\t\t\t\t\t<\/div> \n\t\t\t\n        \n\t\t\t\t<div id=\"ngg-image-1\" class=\"ngg-gallery-thumbnail-box\" >\n\t\t\t\t        <div class=\"ngg-gallery-thumbnail\">\n            <a href=\"https:\/\/www.ws-brb.de\/wp-content\/gallery\/betonkosmetik\/bk-2.jpg\"\n               title=\"\"\n               data-src=\"https:\/\/www.ws-brb.de\/wp-content\/gallery\/betonkosmetik\/bk-2.jpg\"\n               data-thumbnail=\"https:\/\/www.ws-brb.de\/wp-content\/gallery\/betonkosmetik\/thumbs\/thumbs_bk-2.jpg\"\n               data-image-id=\"83\"\n               data-title=\"bk-2\"\n               data-description=\"\"\n               data-image-slug=\"bk-2\"\n               class=\"ngg-fancybox\" rel=\"7bdaad19567be9428688c3d8cbbbf75a\">\n                <img\n                    title=\"bk-2\"\n                    alt=\"bk-2\"\n                    src=\"https:\/\/www.ws-brb.de\/wp-content\/gallery\/betonkosmetik\/thumbs\/thumbs_bk-2.jpg\"\n                    width=\"120\"\n                    height=\"90\"\n                    style=\"max-width:100%;\"\n                \/>\n            <\/a>\n        <\/div>\n\t\t\t\t\t\t\t<\/div> \n\t\t\t\n        \n\t\t\t\t<div id=\"ngg-image-2\" class=\"ngg-gallery-thumbnail-box\" >\n\t\t\t\t        <div class=\"ngg-gallery-thumbnail\">\n            <a href=\"https:\/\/www.ws-brb.de\/wp-content\/gallery\/betonkosmetik\/bk-3.jpg\"\n               title=\"\"\n               data-src=\"https:\/\/www.ws-brb.de\/wp-content\/gallery\/betonkosmetik\/bk-3.jpg\"\n               data-thumbnail=\"https:\/\/www.ws-brb.de\/wp-content\/gallery\/betonkosmetik\/thumbs\/thumbs_bk-3.jpg\"\n               data-image-id=\"84\"\n               data-title=\"bk-3\"\n               data-description=\"\"\n               data-image-slug=\"bk-3\"\n               class=\"ngg-fancybox\" rel=\"7bdaad19567be9428688c3d8cbbbf75a\">\n                <img\n                    title=\"bk-3\"\n                    alt=\"bk-3\"\n                    src=\"https:\/\/www.ws-brb.de\/wp-content\/gallery\/betonkosmetik\/thumbs\/thumbs_bk-3.jpg\"\n                    width=\"120\"\n                    height=\"90\"\n                    style=\"max-width:100%;\"\n                \/>\n            <\/a>\n        <\/div>\n\t\t\t\t\t\t\t<\/div> \n\t\t\t\n        \n\t\t\t\t<div id=\"ngg-image-3\" class=\"ngg-gallery-thumbnail-box\" >\n\t\t\t\t        <div class=\"ngg-gallery-thumbnail\">\n            <a href=\"https:\/\/www.ws-brb.de\/wp-content\/gallery\/betonkosmetik\/bk-4.jpg\"\n               title=\"\"\n               data-src=\"https:\/\/www.ws-brb.de\/wp-content\/gallery\/betonkosmetik\/bk-4.jpg\"\n               data-thumbnail=\"https:\/\/www.ws-brb.de\/wp-content\/gallery\/betonkosmetik\/thumbs\/thumbs_bk-4.jpg\"\n               data-image-id=\"85\"\n               data-title=\"bk-4\"\n               data-description=\"\"\n               data-image-slug=\"bk-4\"\n               class=\"ngg-fancybox\" rel=\"7bdaad19567be9428688c3d8cbbbf75a\">\n                <img\n                    title=\"bk-4\"\n                    alt=\"bk-4\"\n                    src=\"https:\/\/www.ws-brb.de\/wp-content\/gallery\/betonkosmetik\/thumbs\/thumbs_bk-4.jpg\"\n                    width=\"120\"\n                    height=\"90\"\n                    style=\"max-width:100%;\"\n                \/>\n            <\/a>\n        <\/div>\n\t\t\t\t\t\t\t<\/div> \n\t\t\t\n        \n\t\t\n\t\t<!-- Pagination -->\n\t<div class='ngg-clear'><\/div>\t<\/div>\n\n","protected":false},"excerpt":{"rendered":"<p>Betonkosmetik Unsere geschulten und erfahrenen Verarbeiter verwandeln mit hochwertigen Kosmetikspachteln\u00a0aus der Produktpalette der MC-Bauchemie, schadhafte Betonfl\u00e4chen\u00a0z.B. bei Kantenausbr\u00fcchen, Kiesnestern, Farbunterschieden oder Verschmutzungen in eindrucksvolle Betonfl\u00e4chen.\u00a0Wir f\u00fchren f\u00fcr Sie z.B. Fein- und Grobspachtelungen von Fl\u00e4chen, Reprofilierung von Kanten und sichtbar bleibenden Fugen sowie Schlie\u00dfung von starren Fugen und Ankerl\u00f6chern durch.<\/p>\n","protected":false},"author":1,"featured_media":0,"parent":0,"menu_order":0,"comment_status":"closed","ping_status":"closed","template":"","meta":{"ngg_post_thumbnail":0},"_links":{"self":[{"href":"https:\/\/www.ws-brb.de\/index.php?rest_route=\/wp\/v2\/pages\/188"}],"collection":[{"href":"https:\/\/www.ws-brb.de\/index.php?rest_route=\/wp\/v2\/pages"}],"about":[{"href":"https:\/\/www.ws-brb.de\/index.php?rest_route=\/wp\/v2\/types\/page"}],"author":[{"embeddable":true,"href":"https:\/\/www.ws-brb.de\/index.php?rest_route=\/wp\/v2\/users\/1"}],"replies":[{"embeddable":true,"href":"https:\/\/www.ws-brb.de\/index.php?rest_route=%2Fwp%2Fv2%2Fcomments&post=188"}],"version-history":[{"count":5,"href":"https:\/\/www.ws-brb.de\/index.php?rest_route=\/wp\/v2\/pages\/188\/revisions"}],"predecessor-version":[{"id":592,"href":"https:\/\/www.ws-brb.de\/index.php?rest_route=\/wp\/v2\/pages\/188\/revisions\/592"}],"wp:attachment":[{"href":"https:\/\/www.ws-brb.de\/index.php?rest_route=%2Fwp%2Fv2%2Fmedia&parent=188"}],"curies":[{"name":"wp","href":"https:\/\/api.w.org\/{rel}","templated":true}]}}