{"id":186,"date":"2015-03-10T09:31:17","date_gmt":"2015-03-10T09:31:17","guid":{"rendered":"http:\/\/www.ws-brb.de\/?page_id=186"},"modified":"2016-06-09T08:32:02","modified_gmt":"2016-06-09T08:32:02","slug":"injektionstechnik","status":"publish","type":"page","link":"https:\/\/www.ws-brb.de\/?page_id=186","title":{"rendered":"Injektionstechnik"},"content":{"rendered":"<h3>Injektionstechnik<\/h3>\n<p>Die Firma WS Schalungsbau GbR ist seit Dezember 2006 berechtigt, nachtr\u00e4glich eingem\u00f6rtelte Bewehrungsanschl\u00fcsse mit den nachfolgenden HILTI-Injektiosm\u00f6rteln:<\/p>\n<ul>\n<li>Hilti-Injektionsm\u00f6rtel HIT-HY 150 MAX bauaufs. Zulassung ETA-08\/0202 sowie Z-21.8-1882<\/li>\n<li>Hilti-Injektionsm\u00f6rtel HIT-HY 200-A bauaufs. Zulassung ETA-11\/0492 sowie Z-21.8-1948<\/li>\n<li>Hilti-Injektionsm\u00f6rtel HIT-HY 200-R bauaufs. Zulassung ETA-12\/0083 sowie Z-21.8-1947<\/li>\n<li>Hilti-Injektionsm\u00f6rtel HIT RE 500 bauaufs. Zulassung ETA-08\/0105 sowie Z-21.8-1790<\/li>\n<\/ul>\n<p>sowie fischer-Injektionsm\u00f6rteln:<\/p>\n<ul>\n<li>fischer-Verbundsm\u00f6rtel FIS-V (ETA-08\/0266) nach AbZ Z-21.8-1783<\/li>\n<li>fischer Injektionsm\u00f6rtel FIS EM (ETA 09\/0089) nach AbZ Z-21.8-1874<\/li>\n<\/ul>\n<p>entsprechend der genannten Europ\u00e4ischen technischen Zulassung des Deutschen Instituts f\u00fcr Bautechnik f\u00fcr die Bohrverfahren Hammerbohren, Pressluftbohren und Diamantbohren herzustellen.<\/p>\n<!-- index.php -->\n<div\n\tclass=\"ngg-galleryoverview ngg-ajax-pagination-none\"\n\tid=\"ngg-gallery-0c6e29a86b2435e50ea20bd4cf3a673e-1\">\n\n    \t\t<!-- Thumbnails -->\n\t\t\t\t<div id=\"ngg-image-0\" class=\"ngg-gallery-thumbnail-box\" >\n\t\t\t\t        <div class=\"ngg-gallery-thumbnail\">\n            <a href=\"https:\/\/www.ws-brb.de\/wp-content\/gallery\/Injektionstechnik\/injtech-01.jpg\"\n               title=\"\"\n               data-src=\"https:\/\/www.ws-brb.de\/wp-content\/gallery\/Injektionstechnik\/injtech-01.jpg\"\n               data-thumbnail=\"https:\/\/www.ws-brb.de\/wp-content\/gallery\/Injektionstechnik\/thumbs\/thumbs_injtech-01.jpg\"\n               data-image-id=\"86\"\n               data-title=\"injtech-01\"\n               data-description=\"\"\n               data-image-slug=\"injtech-01\"\n               class=\"ngg-fancybox\" rel=\"0c6e29a86b2435e50ea20bd4cf3a673e\">\n                <img\n                    title=\"injtech-01\"\n                    alt=\"injtech-01\"\n                    src=\"https:\/\/www.ws-brb.de\/wp-content\/gallery\/Injektionstechnik\/thumbs\/thumbs_injtech-01.jpg\"\n                    width=\"120\"\n                    height=\"90\"\n                    style=\"max-width:100%;\"\n                \/>\n            <\/a>\n        <\/div>\n\t\t\t\t\t\t\t<\/div> \n\t\t\t\n        \n\t\t\t\t<div id=\"ngg-image-1\" class=\"ngg-gallery-thumbnail-box\" >\n\t\t\t\t        <div class=\"ngg-gallery-thumbnail\">\n            <a href=\"https:\/\/www.ws-brb.de\/wp-content\/gallery\/Injektionstechnik\/injtech-02.jpg\"\n               title=\"\"\n               data-src=\"https:\/\/www.ws-brb.de\/wp-content\/gallery\/Injektionstechnik\/injtech-02.jpg\"\n               data-thumbnail=\"https:\/\/www.ws-brb.de\/wp-content\/gallery\/Injektionstechnik\/thumbs\/thumbs_injtech-02.jpg\"\n               data-image-id=\"87\"\n               data-title=\"injtech-02\"\n               data-description=\"\"\n               data-image-slug=\"injtech-02\"\n               class=\"ngg-fancybox\" rel=\"0c6e29a86b2435e50ea20bd4cf3a673e\">\n                <img\n                    title=\"injtech-02\"\n                    alt=\"injtech-02\"\n                    src=\"https:\/\/www.ws-brb.de\/wp-content\/gallery\/Injektionstechnik\/thumbs\/thumbs_injtech-02.jpg\"\n                    width=\"120\"\n                    height=\"90\"\n                    style=\"max-width:100%;\"\n                \/>\n            <\/a>\n        <\/div>\n\t\t\t\t\t\t\t<\/div> \n\t\t\t\n        \n\t\t\t\t<div id=\"ngg-image-2\" class=\"ngg-gallery-thumbnail-box\" >\n\t\t\t\t        <div class=\"ngg-gallery-thumbnail\">\n            <a href=\"https:\/\/www.ws-brb.de\/wp-content\/gallery\/Injektionstechnik\/injtech-03.jpg\"\n               title=\"\"\n               data-src=\"https:\/\/www.ws-brb.de\/wp-content\/gallery\/Injektionstechnik\/injtech-03.jpg\"\n               data-thumbnail=\"https:\/\/www.ws-brb.de\/wp-content\/gallery\/Injektionstechnik\/thumbs\/thumbs_injtech-03.jpg\"\n               data-image-id=\"88\"\n               data-title=\"injtech-03\"\n               data-description=\"\"\n               data-image-slug=\"injtech-03\"\n               class=\"ngg-fancybox\" rel=\"0c6e29a86b2435e50ea20bd4cf3a673e\">\n                <img\n                    title=\"injtech-03\"\n                    alt=\"injtech-03\"\n                    src=\"https:\/\/www.ws-brb.de\/wp-content\/gallery\/Injektionstechnik\/thumbs\/thumbs_injtech-03.jpg\"\n                    width=\"120\"\n                    height=\"90\"\n                    style=\"max-width:100%;\"\n                \/>\n            <\/a>\n        <\/div>\n\t\t\t\t\t\t\t<\/div> \n\t\t\t\n        \n\t\t\t\t<div id=\"ngg-image-3\" class=\"ngg-gallery-thumbnail-box\" >\n\t\t\t\t        <div class=\"ngg-gallery-thumbnail\">\n            <a href=\"https:\/\/www.ws-brb.de\/wp-content\/gallery\/Injektionstechnik\/injtech-04.jpg\"\n               title=\"\"\n               data-src=\"https:\/\/www.ws-brb.de\/wp-content\/gallery\/Injektionstechnik\/injtech-04.jpg\"\n               data-thumbnail=\"https:\/\/www.ws-brb.de\/wp-content\/gallery\/Injektionstechnik\/thumbs\/thumbs_injtech-04.jpg\"\n               data-image-id=\"89\"\n               data-title=\"injtech-04\"\n               data-description=\"\"\n               data-image-slug=\"injtech-04\"\n               class=\"ngg-fancybox\" rel=\"0c6e29a86b2435e50ea20bd4cf3a673e\">\n                <img\n                    title=\"injtech-04\"\n                    alt=\"injtech-04\"\n                    src=\"https:\/\/www.ws-brb.de\/wp-content\/gallery\/Injektionstechnik\/thumbs\/thumbs_injtech-04.jpg\"\n                    width=\"120\"\n                    height=\"90\"\n                    style=\"max-width:100%;\"\n                \/>\n            <\/a>\n        <\/div>\n\t\t\t\t\t\t\t<\/div> \n\t\t\t\n        \n\t\t\t\t<div id=\"ngg-image-4\" class=\"ngg-gallery-thumbnail-box\" >\n\t\t\t\t        <div class=\"ngg-gallery-thumbnail\">\n            <a href=\"https:\/\/www.ws-brb.de\/wp-content\/gallery\/Injektionstechnik\/injtech-05.jpg\"\n               title=\"\"\n               data-src=\"https:\/\/www.ws-brb.de\/wp-content\/gallery\/Injektionstechnik\/injtech-05.jpg\"\n               data-thumbnail=\"https:\/\/www.ws-brb.de\/wp-content\/gallery\/Injektionstechnik\/thumbs\/thumbs_injtech-05.jpg\"\n               data-image-id=\"90\"\n               data-title=\"injtech-05\"\n               data-description=\"\"\n               data-image-slug=\"injtech-05\"\n               class=\"ngg-fancybox\" rel=\"0c6e29a86b2435e50ea20bd4cf3a673e\">\n                <img\n                    title=\"injtech-05\"\n                    alt=\"injtech-05\"\n                    src=\"https:\/\/www.ws-brb.de\/wp-content\/gallery\/Injektionstechnik\/thumbs\/thumbs_injtech-05.jpg\"\n                    width=\"120\"\n                    height=\"90\"\n                    style=\"max-width:100%;\"\n                \/>\n            <\/a>\n        <\/div>\n\t\t\t\t\t\t\t<\/div> \n\t\t\t\n        \n\t\t\t\t<div id=\"ngg-image-5\" class=\"ngg-gallery-thumbnail-box\" >\n\t\t\t\t        <div class=\"ngg-gallery-thumbnail\">\n            <a href=\"https:\/\/www.ws-brb.de\/wp-content\/gallery\/Injektionstechnik\/injtech-06.jpg\"\n               title=\"\"\n               data-src=\"https:\/\/www.ws-brb.de\/wp-content\/gallery\/Injektionstechnik\/injtech-06.jpg\"\n               data-thumbnail=\"https:\/\/www.ws-brb.de\/wp-content\/gallery\/Injektionstechnik\/thumbs\/thumbs_injtech-06.jpg\"\n               data-image-id=\"91\"\n               data-title=\"injtech-06\"\n               data-description=\"\"\n               data-image-slug=\"injtech-06\"\n               class=\"ngg-fancybox\" rel=\"0c6e29a86b2435e50ea20bd4cf3a673e\">\n                <img\n                    title=\"injtech-06\"\n                    alt=\"injtech-06\"\n                    src=\"https:\/\/www.ws-brb.de\/wp-content\/gallery\/Injektionstechnik\/thumbs\/thumbs_injtech-06.jpg\"\n                    width=\"120\"\n                    height=\"90\"\n                    style=\"max-width:100%;\"\n                \/>\n            <\/a>\n        <\/div>\n\t\t\t\t\t\t\t<\/div> \n\t\t\t\n        \n\t\t\t\t<div id=\"ngg-image-6\" class=\"ngg-gallery-thumbnail-box\" >\n\t\t\t\t        <div class=\"ngg-gallery-thumbnail\">\n            <a href=\"https:\/\/www.ws-brb.de\/wp-content\/gallery\/Injektionstechnik\/injtech-07.jpg\"\n               title=\"\"\n               data-src=\"https:\/\/www.ws-brb.de\/wp-content\/gallery\/Injektionstechnik\/injtech-07.jpg\"\n               data-thumbnail=\"https:\/\/www.ws-brb.de\/wp-content\/gallery\/Injektionstechnik\/thumbs\/thumbs_injtech-07.jpg\"\n               data-image-id=\"92\"\n               data-title=\"injtech-07\"\n               data-description=\"\"\n               data-image-slug=\"injtech-07\"\n               class=\"ngg-fancybox\" rel=\"0c6e29a86b2435e50ea20bd4cf3a673e\">\n                <img\n                    title=\"injtech-07\"\n                    alt=\"injtech-07\"\n                    src=\"https:\/\/www.ws-brb.de\/wp-content\/gallery\/Injektionstechnik\/thumbs\/thumbs_injtech-07.jpg\"\n                    width=\"120\"\n                    height=\"90\"\n                    style=\"max-width:100%;\"\n                \/>\n            <\/a>\n        <\/div>\n\t\t\t\t\t\t\t<\/div> \n\t\t\t\n        \n\t\t\t\t<div id=\"ngg-image-7\" class=\"ngg-gallery-thumbnail-box\" >\n\t\t\t\t        <div class=\"ngg-gallery-thumbnail\">\n            <a href=\"https:\/\/www.ws-brb.de\/wp-content\/gallery\/Injektionstechnik\/injtech-08.jpg\"\n               title=\"\"\n               data-src=\"https:\/\/www.ws-brb.de\/wp-content\/gallery\/Injektionstechnik\/injtech-08.jpg\"\n               data-thumbnail=\"https:\/\/www.ws-brb.de\/wp-content\/gallery\/Injektionstechnik\/thumbs\/thumbs_injtech-08.jpg\"\n               data-image-id=\"93\"\n               data-title=\"injtech-08\"\n               data-description=\"\"\n               data-image-slug=\"injtech-08\"\n               class=\"ngg-fancybox\" rel=\"0c6e29a86b2435e50ea20bd4cf3a673e\">\n                <img\n                    title=\"injtech-08\"\n                    alt=\"injtech-08\"\n                    src=\"https:\/\/www.ws-brb.de\/wp-content\/gallery\/Injektionstechnik\/thumbs\/thumbs_injtech-08.jpg\"\n                    width=\"120\"\n                    height=\"90\"\n                    style=\"max-width:100%;\"\n                \/>\n            <\/a>\n        <\/div>\n\t\t\t\t\t\t\t<\/div> \n\t\t\t\n        \n\t\t\t\t<div id=\"ngg-image-8\" class=\"ngg-gallery-thumbnail-box\" >\n\t\t\t\t        <div class=\"ngg-gallery-thumbnail\">\n            <a href=\"https:\/\/www.ws-brb.de\/wp-content\/gallery\/Injektionstechnik\/injtech-09.jpg\"\n               title=\"\"\n               data-src=\"https:\/\/www.ws-brb.de\/wp-content\/gallery\/Injektionstechnik\/injtech-09.jpg\"\n               data-thumbnail=\"https:\/\/www.ws-brb.de\/wp-content\/gallery\/Injektionstechnik\/thumbs\/thumbs_injtech-09.jpg\"\n               data-image-id=\"94\"\n               data-title=\"injtech-09\"\n               data-description=\"\"\n               data-image-slug=\"injtech-09\"\n               class=\"ngg-fancybox\" rel=\"0c6e29a86b2435e50ea20bd4cf3a673e\">\n                <img\n                    title=\"injtech-09\"\n                    alt=\"injtech-09\"\n                    src=\"https:\/\/www.ws-brb.de\/wp-content\/gallery\/Injektionstechnik\/thumbs\/thumbs_injtech-09.jpg\"\n                    width=\"120\"\n                    height=\"90\"\n                    style=\"max-width:100%;\"\n                \/>\n            <\/a>\n        <\/div>\n\t\t\t\t\t\t\t<\/div> \n\t\t\t\n        \n\t\t\t\t<div id=\"ngg-image-9\" class=\"ngg-gallery-thumbnail-box\" >\n\t\t\t\t        <div class=\"ngg-gallery-thumbnail\">\n            <a href=\"https:\/\/www.ws-brb.de\/wp-content\/gallery\/Injektionstechnik\/injtech-10.jpg\"\n               title=\"\"\n               data-src=\"https:\/\/www.ws-brb.de\/wp-content\/gallery\/Injektionstechnik\/injtech-10.jpg\"\n               data-thumbnail=\"https:\/\/www.ws-brb.de\/wp-content\/gallery\/Injektionstechnik\/thumbs\/thumbs_injtech-10.jpg\"\n               data-image-id=\"95\"\n               data-title=\"injtech-10\"\n               data-description=\"\"\n               data-image-slug=\"injtech-10\"\n               class=\"ngg-fancybox\" rel=\"0c6e29a86b2435e50ea20bd4cf3a673e\">\n                <img\n                    title=\"injtech-10\"\n                    alt=\"injtech-10\"\n                    src=\"https:\/\/www.ws-brb.de\/wp-content\/gallery\/Injektionstechnik\/thumbs\/thumbs_injtech-10.jpg\"\n                    width=\"120\"\n                    height=\"90\"\n                    style=\"max-width:100%;\"\n                \/>\n            <\/a>\n        <\/div>\n\t\t\t\t\t\t\t<\/div> \n\t\t\t\n        \n\t\t\n\t\t<!-- Pagination -->\n\t<div class='ngg-clear'><\/div>\t<\/div>\n\n","protected":false},"excerpt":{"rendered":"<p>Injektionstechnik Die Firma WS Schalungsbau GbR ist seit Dezember 2006 berechtigt, nachtr\u00e4glich eingem\u00f6rtelte Bewehrungsanschl\u00fcsse mit den nachfolgenden HILTI-Injektiosm\u00f6rteln: Hilti-Injektionsm\u00f6rtel HIT-HY 150 MAX bauaufs. Zulassung ETA-08\/0202 sowie Z-21.8-1882 Hilti-Injektionsm\u00f6rtel HIT-HY 200-A bauaufs. Zulassung ETA-11\/0492 sowie Z-21.8-1948 Hilti-Injektionsm\u00f6rtel HIT-HY 200-R bauaufs. Zulassung ETA-12\/0083 sowie Z-21.8-1947 Hilti-Injektionsm\u00f6rtel HIT RE 500 bauaufs. Zulassung ETA-08\/0105 sowie Z-21.8-1790 sowie fischer-Injektionsm\u00f6rteln: fischer-Verbundsm\u00f6rtel [&hellip;]<\/p>\n","protected":false},"author":1,"featured_media":0,"parent":0,"menu_order":0,"comment_status":"closed","ping_status":"closed","template":"","meta":{"ngg_post_thumbnail":0},"_links":{"self":[{"href":"https:\/\/www.ws-brb.de\/index.php?rest_route=\/wp\/v2\/pages\/186"}],"collection":[{"href":"https:\/\/www.ws-brb.de\/index.php?rest_route=\/wp\/v2\/pages"}],"about":[{"href":"https:\/\/www.ws-brb.de\/index.php?rest_route=\/wp\/v2\/types\/page"}],"author":[{"embeddable":true,"href":"https:\/\/www.ws-brb.de\/index.php?rest_route=\/wp\/v2\/users\/1"}],"replies":[{"embeddable":true,"href":"https:\/\/www.ws-brb.de\/index.php?rest_route=%2Fwp%2Fv2%2Fcomments&post=186"}],"version-history":[{"count":8,"href":"https:\/\/www.ws-brb.de\/index.php?rest_route=\/wp\/v2\/pages\/186\/revisions"}],"predecessor-version":[{"id":620,"href":"https:\/\/www.ws-brb.de\/index.php?rest_route=\/wp\/v2\/pages\/186\/revisions\/620"}],"wp:attachment":[{"href":"https:\/\/www.ws-brb.de\/index.php?rest_route=%2Fwp%2Fv2%2Fmedia&parent=186"}],"curies":[{"name":"wp","href":"https:\/\/api.w.org\/{rel}","templated":true}]}}