{"id":171,"date":"2015-03-10T08:43:42","date_gmt":"2015-03-10T08:43:42","guid":{"rendered":"http:\/\/www.ws-brb.de\/?page_id=171"},"modified":"2015-04-21T11:12:16","modified_gmt":"2015-04-21T11:12:16","slug":"deckenschalungen","status":"publish","type":"page","link":"https:\/\/www.ws-brb.de\/?page_id=171","title":{"rendered":"Deckenschalungen"},"content":{"rendered":"<h3 lang=\"zxx\">Flex-Decke<\/h3>\n<p lang=\"zxx\">Vielseitige konvetionelle Holztr\u00e4ger-Deckenschalung.<\/p>\n<p lang=\"zxx\"><!-- index.php -->\n<div\n\tclass=\"ngg-galleryoverview ngg-ajax-pagination-none\"\n\tid=\"ngg-gallery-a10f26d56dddbbf56bf1547d9b1d1256-1\">\n\n    \t\t<!-- Thumbnails -->\n\t\t\t\t<div id=\"ngg-image-0\" class=\"ngg-gallery-thumbnail-box\" >\n\t\t\t\t        <div class=\"ngg-gallery-thumbnail\">\n            <a href=\"https:\/\/www.ws-brb.de\/wp-content\/gallery\/flexdecke\/flex-1.jpg\"\n               title=\"\"\n               data-src=\"https:\/\/www.ws-brb.de\/wp-content\/gallery\/flexdecke\/flex-1.jpg\"\n               data-thumbnail=\"https:\/\/www.ws-brb.de\/wp-content\/gallery\/flexdecke\/thumbs\/thumbs_flex-1.jpg\"\n               data-image-id=\"38\"\n               data-title=\"flex-1.jpg\"\n               data-description=\"\"\n               data-image-slug=\"flex-1-jpg\"\n               class=\"ngg-fancybox\" rel=\"a10f26d56dddbbf56bf1547d9b1d1256\">\n                <img\n                    title=\"flex-1.jpg\"\n                    alt=\"flex-1.jpg\"\n                    src=\"https:\/\/www.ws-brb.de\/wp-content\/gallery\/flexdecke\/thumbs\/thumbs_flex-1.jpg\"\n                    width=\"120\"\n                    height=\"90\"\n                    style=\"max-width:100%;\"\n                \/>\n            <\/a>\n        <\/div>\n\t\t\t\t\t\t\t<\/div> \n\t\t\t\n        \n\t\t\t\t<div id=\"ngg-image-1\" class=\"ngg-gallery-thumbnail-box\" >\n\t\t\t\t        <div class=\"ngg-gallery-thumbnail\">\n            <a href=\"https:\/\/www.ws-brb.de\/wp-content\/gallery\/flexdecke\/flex-2.jpg\"\n               title=\"\"\n               data-src=\"https:\/\/www.ws-brb.de\/wp-content\/gallery\/flexdecke\/flex-2.jpg\"\n               data-thumbnail=\"https:\/\/www.ws-brb.de\/wp-content\/gallery\/flexdecke\/thumbs\/thumbs_flex-2.jpg\"\n               data-image-id=\"39\"\n               data-title=\"flex-2.jpg\"\n               data-description=\"\"\n               data-image-slug=\"flex-2-jpg\"\n               class=\"ngg-fancybox\" rel=\"a10f26d56dddbbf56bf1547d9b1d1256\">\n                <img\n                    title=\"flex-2.jpg\"\n                    alt=\"flex-2.jpg\"\n                    src=\"https:\/\/www.ws-brb.de\/wp-content\/gallery\/flexdecke\/thumbs\/thumbs_flex-2.jpg\"\n                    width=\"120\"\n                    height=\"90\"\n                    style=\"max-width:100%;\"\n                \/>\n            <\/a>\n        <\/div>\n\t\t\t\t\t\t\t<\/div> \n\t\t\t\n        \n\t\t\n\t\t<!-- Pagination -->\n\t<div class='ngg-clear'><\/div>\t<\/div>\n<\/p>\n<h3>MevaDec<\/h3>\n<p>Systemdecke f\u00fcr Wohnungs- und Industriebau\u00a0aber ebenso f\u00fcr kleine und komplizierte Grundrisse.\u00a0Durch den Fallkopf besteht die M\u00f6glichkeit des Fr\u00fchausschalens.<\/p>\n<!-- index.php -->\n<div\n\tclass=\"ngg-galleryoverview ngg-ajax-pagination-none\"\n\tid=\"ngg-gallery-868b91c8c7b657b7954dbeb88dde1632-1\">\n\n    \t\t<!-- Thumbnails -->\n\t\t\t\t<div id=\"ngg-image-0\" class=\"ngg-gallery-thumbnail-box\" >\n\t\t\t\t        <div class=\"ngg-gallery-thumbnail\">\n            <a href=\"https:\/\/www.ws-brb.de\/wp-content\/gallery\/mevadec\/mevadec-1.jpg\"\n               title=\"\"\n               data-src=\"https:\/\/www.ws-brb.de\/wp-content\/gallery\/mevadec\/mevadec-1.jpg\"\n               data-thumbnail=\"https:\/\/www.ws-brb.de\/wp-content\/gallery\/mevadec\/thumbs\/thumbs_mevadec-1.jpg\"\n               data-image-id=\"35\"\n               data-title=\"mevadec-1.jpg\"\n               data-description=\"\"\n               data-image-slug=\"mevadec-1-jpg\"\n               class=\"ngg-fancybox\" rel=\"868b91c8c7b657b7954dbeb88dde1632\">\n                <img\n                    title=\"mevadec-1.jpg\"\n                    alt=\"mevadec-1.jpg\"\n                    src=\"https:\/\/www.ws-brb.de\/wp-content\/gallery\/mevadec\/thumbs\/thumbs_mevadec-1.jpg\"\n                    width=\"120\"\n                    height=\"90\"\n                    style=\"max-width:100%;\"\n                \/>\n            <\/a>\n        <\/div>\n\t\t\t\t\t\t\t<\/div> \n\t\t\t\n        \n\t\t\n\t\t<!-- Pagination -->\n\t<div class='ngg-clear'><\/div>\t<\/div>\n\n<h3>Alu-Flex Decke<\/h3>\n<p>Durch Alu-Tr\u00e4ger leichter, wirtschaftlicher und\u00a0langlebiger als herk\u00f6mmliche Holztr\u00e4gerdecken.<\/p>\n<!-- index.php -->\n<div\n\tclass=\"ngg-galleryoverview ngg-ajax-pagination-none\"\n\tid=\"ngg-gallery-801049201d53a867f43fda2c5f92c3ca-1\">\n\n    \t\t<!-- Thumbnails -->\n\t\t\t\t<div id=\"ngg-image-0\" class=\"ngg-gallery-thumbnail-box\" >\n\t\t\t\t        <div class=\"ngg-gallery-thumbnail\">\n            <a href=\"https:\/\/www.ws-brb.de\/wp-content\/gallery\/aluflex\/aluflex-1.jpg\"\n               title=\"\"\n               data-src=\"https:\/\/www.ws-brb.de\/wp-content\/gallery\/aluflex\/aluflex-1.jpg\"\n               data-thumbnail=\"https:\/\/www.ws-brb.de\/wp-content\/gallery\/aluflex\/thumbs\/thumbs_aluflex-1.jpg\"\n               data-image-id=\"27\"\n               data-title=\"aluflex-1.jpg\"\n               data-description=\"\"\n               data-image-slug=\"aluflex-1-jpg\"\n               class=\"ngg-fancybox\" rel=\"801049201d53a867f43fda2c5f92c3ca\">\n                <img\n                    title=\"aluflex-1.jpg\"\n                    alt=\"aluflex-1.jpg\"\n                    src=\"https:\/\/www.ws-brb.de\/wp-content\/gallery\/aluflex\/thumbs\/thumbs_aluflex-1.jpg\"\n                    width=\"120\"\n                    height=\"90\"\n                    style=\"max-width:100%;\"\n                \/>\n            <\/a>\n        <\/div>\n\t\t\t\t\t\t\t<\/div> \n\t\t\t\n        \n\t\t\t\t<div id=\"ngg-image-1\" class=\"ngg-gallery-thumbnail-box\" >\n\t\t\t\t        <div class=\"ngg-gallery-thumbnail\">\n            <a href=\"https:\/\/www.ws-brb.de\/wp-content\/gallery\/aluflex\/aluflex-2.jpg\"\n               title=\"\"\n               data-src=\"https:\/\/www.ws-brb.de\/wp-content\/gallery\/aluflex\/aluflex-2.jpg\"\n               data-thumbnail=\"https:\/\/www.ws-brb.de\/wp-content\/gallery\/aluflex\/thumbs\/thumbs_aluflex-2.jpg\"\n               data-image-id=\"28\"\n               data-title=\"aluflex-2.jpg\"\n               data-description=\"\"\n               data-image-slug=\"aluflex-2-jpg\"\n               class=\"ngg-fancybox\" rel=\"801049201d53a867f43fda2c5f92c3ca\">\n                <img\n                    title=\"aluflex-2.jpg\"\n                    alt=\"aluflex-2.jpg\"\n                    src=\"https:\/\/www.ws-brb.de\/wp-content\/gallery\/aluflex\/thumbs\/thumbs_aluflex-2.jpg\"\n                    width=\"120\"\n                    height=\"90\"\n                    style=\"max-width:100%;\"\n                \/>\n            <\/a>\n        <\/div>\n\t\t\t\t\t\t\t<\/div> \n\t\t\t\n        \n\t\t\t\t<div id=\"ngg-image-2\" class=\"ngg-gallery-thumbnail-box\" >\n\t\t\t\t        <div class=\"ngg-gallery-thumbnail\">\n            <a href=\"https:\/\/www.ws-brb.de\/wp-content\/gallery\/aluflex\/aluflex-3.jpg\"\n               title=\"\"\n               data-src=\"https:\/\/www.ws-brb.de\/wp-content\/gallery\/aluflex\/aluflex-3.jpg\"\n               data-thumbnail=\"https:\/\/www.ws-brb.de\/wp-content\/gallery\/aluflex\/thumbs\/thumbs_aluflex-3.jpg\"\n               data-image-id=\"29\"\n               data-title=\"aluflex-3.jpg\"\n               data-description=\"\"\n               data-image-slug=\"aluflex-3-jpg\"\n               class=\"ngg-fancybox\" rel=\"801049201d53a867f43fda2c5f92c3ca\">\n                <img\n                    title=\"aluflex-3.jpg\"\n                    alt=\"aluflex-3.jpg\"\n                    src=\"https:\/\/www.ws-brb.de\/wp-content\/gallery\/aluflex\/thumbs\/thumbs_aluflex-3.jpg\"\n                    width=\"120\"\n                    height=\"90\"\n                    style=\"max-width:100%;\"\n                \/>\n            <\/a>\n        <\/div>\n\t\t\t\t\t\t\t<\/div> \n\t\t\t\n        \n\t\t\t\t<div id=\"ngg-image-3\" class=\"ngg-gallery-thumbnail-box\" >\n\t\t\t\t        <div class=\"ngg-gallery-thumbnail\">\n            <a href=\"https:\/\/www.ws-brb.de\/wp-content\/gallery\/aluflex\/decke20.jpg\"\n               title=\"\"\n               data-src=\"https:\/\/www.ws-brb.de\/wp-content\/gallery\/aluflex\/decke20.jpg\"\n               data-thumbnail=\"https:\/\/www.ws-brb.de\/wp-content\/gallery\/aluflex\/thumbs\/thumbs_decke20.jpg\"\n               data-image-id=\"164\"\n               data-title=\"decke20\"\n               data-description=\"\"\n               data-image-slug=\"decke20\"\n               class=\"ngg-fancybox\" rel=\"801049201d53a867f43fda2c5f92c3ca\">\n                <img\n                    title=\"decke20\"\n                    alt=\"decke20\"\n                    src=\"https:\/\/www.ws-brb.de\/wp-content\/gallery\/aluflex\/thumbs\/thumbs_decke20.jpg\"\n                    width=\"120\"\n                    height=\"90\"\n                    style=\"max-width:100%;\"\n                \/>\n            <\/a>\n        <\/div>\n\t\t\t\t\t\t\t<\/div> \n\t\t\t\n        \n\t\t\t\t<div id=\"ngg-image-4\" class=\"ngg-gallery-thumbnail-box\" >\n\t\t\t\t        <div class=\"ngg-gallery-thumbnail\">\n            <a href=\"https:\/\/www.ws-brb.de\/wp-content\/gallery\/aluflex\/decke21.jpg\"\n               title=\"\"\n               data-src=\"https:\/\/www.ws-brb.de\/wp-content\/gallery\/aluflex\/decke21.jpg\"\n               data-thumbnail=\"https:\/\/www.ws-brb.de\/wp-content\/gallery\/aluflex\/thumbs\/thumbs_decke21.jpg\"\n               data-image-id=\"165\"\n               data-title=\"decke21\"\n               data-description=\"\"\n               data-image-slug=\"decke21\"\n               class=\"ngg-fancybox\" rel=\"801049201d53a867f43fda2c5f92c3ca\">\n                <img\n                    title=\"decke21\"\n                    alt=\"decke21\"\n                    src=\"https:\/\/www.ws-brb.de\/wp-content\/gallery\/aluflex\/thumbs\/thumbs_decke21.jpg\"\n                    width=\"120\"\n                    height=\"90\"\n                    style=\"max-width:100%;\"\n                \/>\n            <\/a>\n        <\/div>\n\t\t\t\t\t\t\t<\/div> \n\t\t\t\n        \n\t\t\t\t<div id=\"ngg-image-5\" class=\"ngg-gallery-thumbnail-box\" >\n\t\t\t\t        <div class=\"ngg-gallery-thumbnail\">\n            <a href=\"https:\/\/www.ws-brb.de\/wp-content\/gallery\/aluflex\/decke22.jpg\"\n               title=\"\"\n               data-src=\"https:\/\/www.ws-brb.de\/wp-content\/gallery\/aluflex\/decke22.jpg\"\n               data-thumbnail=\"https:\/\/www.ws-brb.de\/wp-content\/gallery\/aluflex\/thumbs\/thumbs_decke22.jpg\"\n               data-image-id=\"166\"\n               data-title=\"decke22\"\n               data-description=\"\"\n               data-image-slug=\"decke22\"\n               class=\"ngg-fancybox\" rel=\"801049201d53a867f43fda2c5f92c3ca\">\n                <img\n                    title=\"decke22\"\n                    alt=\"decke22\"\n                    src=\"https:\/\/www.ws-brb.de\/wp-content\/gallery\/aluflex\/thumbs\/thumbs_decke22.jpg\"\n                    width=\"120\"\n                    height=\"90\"\n                    style=\"max-width:100%;\"\n                \/>\n            <\/a>\n        <\/div>\n\t\t\t\t\t\t\t<\/div> \n\t\t\t\n        \n\t\t\t\t<div id=\"ngg-image-6\" class=\"ngg-gallery-thumbnail-box\" >\n\t\t\t\t        <div class=\"ngg-gallery-thumbnail\">\n            <a href=\"https:\/\/www.ws-brb.de\/wp-content\/gallery\/aluflex\/decke23.jpg\"\n               title=\"\"\n               data-src=\"https:\/\/www.ws-brb.de\/wp-content\/gallery\/aluflex\/decke23.jpg\"\n               data-thumbnail=\"https:\/\/www.ws-brb.de\/wp-content\/gallery\/aluflex\/thumbs\/thumbs_decke23.jpg\"\n               data-image-id=\"167\"\n               data-title=\"decke23\"\n               data-description=\"\"\n               data-image-slug=\"decke23\"\n               class=\"ngg-fancybox\" rel=\"801049201d53a867f43fda2c5f92c3ca\">\n                <img\n                    title=\"decke23\"\n                    alt=\"decke23\"\n                    src=\"https:\/\/www.ws-brb.de\/wp-content\/gallery\/aluflex\/thumbs\/thumbs_decke23.jpg\"\n                    width=\"120\"\n                    height=\"90\"\n                    style=\"max-width:100%;\"\n                \/>\n            <\/a>\n        <\/div>\n\t\t\t\t\t\t\t<\/div> \n\t\t\t\n        \n\t\t\n\t\t<!-- Pagination -->\n\t<div class='ngg-clear'><\/div>\t<\/div>\n\n<h3>Schalungs- und Tragger\u00fcst<\/h3>\n<p>Vielfach verwendbares Alu-Schalungs- und Tragger\u00fcst.<\/p>\n<!-- index.php -->\n<div\n\tclass=\"ngg-galleryoverview ngg-ajax-pagination-none\"\n\tid=\"ngg-gallery-f6ef1acb3f0f1eb7ca4c656e26eaf9cc-1\">\n\n    \t\t<!-- Thumbnails -->\n\t\t\t\t<div id=\"ngg-image-0\" class=\"ngg-gallery-thumbnail-box\" >\n\t\t\t\t        <div class=\"ngg-gallery-thumbnail\">\n            <a href=\"https:\/\/www.ws-brb.de\/wp-content\/gallery\/schalungstraggeruest\/st-gerueste-1.jpg\"\n               title=\"\"\n               data-src=\"https:\/\/www.ws-brb.de\/wp-content\/gallery\/schalungstraggeruest\/st-gerueste-1.jpg\"\n               data-thumbnail=\"https:\/\/www.ws-brb.de\/wp-content\/gallery\/schalungstraggeruest\/thumbs\/thumbs_st-gerueste-1.jpg\"\n               data-image-id=\"30\"\n               data-title=\"st-gerueste-1.jpg\"\n               data-description=\"\"\n               data-image-slug=\"st-gerueste-1-jpg\"\n               class=\"ngg-fancybox\" rel=\"f6ef1acb3f0f1eb7ca4c656e26eaf9cc\">\n                <img\n                    title=\"st-gerueste-1.jpg\"\n                    alt=\"st-gerueste-1.jpg\"\n                    src=\"https:\/\/www.ws-brb.de\/wp-content\/gallery\/schalungstraggeruest\/thumbs\/thumbs_st-gerueste-1.jpg\"\n                    width=\"120\"\n                    height=\"90\"\n                    style=\"max-width:100%;\"\n                \/>\n            <\/a>\n        <\/div>\n\t\t\t\t\t\t\t<\/div> \n\t\t\t\n        \n\t\t\t\t<div id=\"ngg-image-1\" class=\"ngg-gallery-thumbnail-box\" >\n\t\t\t\t        <div class=\"ngg-gallery-thumbnail\">\n            <a href=\"https:\/\/www.ws-brb.de\/wp-content\/gallery\/schalungstraggeruest\/st-gerueste-2.jpg\"\n               title=\"\"\n               data-src=\"https:\/\/www.ws-brb.de\/wp-content\/gallery\/schalungstraggeruest\/st-gerueste-2.jpg\"\n               data-thumbnail=\"https:\/\/www.ws-brb.de\/wp-content\/gallery\/schalungstraggeruest\/thumbs\/thumbs_st-gerueste-2.jpg\"\n               data-image-id=\"31\"\n               data-title=\"st-gerueste-2.jpg\"\n               data-description=\"\"\n               data-image-slug=\"st-gerueste-2-jpg\"\n               class=\"ngg-fancybox\" rel=\"f6ef1acb3f0f1eb7ca4c656e26eaf9cc\">\n                <img\n                    title=\"st-gerueste-2.jpg\"\n                    alt=\"st-gerueste-2.jpg\"\n                    src=\"https:\/\/www.ws-brb.de\/wp-content\/gallery\/schalungstraggeruest\/thumbs\/thumbs_st-gerueste-2.jpg\"\n                    width=\"120\"\n                    height=\"90\"\n                    style=\"max-width:100%;\"\n                \/>\n            <\/a>\n        <\/div>\n\t\t\t\t\t\t\t<\/div> \n\t\t\t\n        \n\t\t\t\t<div id=\"ngg-image-2\" class=\"ngg-gallery-thumbnail-box\" >\n\t\t\t\t        <div class=\"ngg-gallery-thumbnail\">\n            <a href=\"https:\/\/www.ws-brb.de\/wp-content\/gallery\/schalungstraggeruest\/st-gerueste-3.jpg\"\n               title=\"\"\n               data-src=\"https:\/\/www.ws-brb.de\/wp-content\/gallery\/schalungstraggeruest\/st-gerueste-3.jpg\"\n               data-thumbnail=\"https:\/\/www.ws-brb.de\/wp-content\/gallery\/schalungstraggeruest\/thumbs\/thumbs_st-gerueste-3.jpg\"\n               data-image-id=\"32\"\n               data-title=\"st-gerueste-3.jpg\"\n               data-description=\"\"\n               data-image-slug=\"st-gerueste-3-jpg\"\n               class=\"ngg-fancybox\" rel=\"f6ef1acb3f0f1eb7ca4c656e26eaf9cc\">\n                <img\n                    title=\"st-gerueste-3.jpg\"\n                    alt=\"st-gerueste-3.jpg\"\n                    src=\"https:\/\/www.ws-brb.de\/wp-content\/gallery\/schalungstraggeruest\/thumbs\/thumbs_st-gerueste-3.jpg\"\n                    width=\"120\"\n                    height=\"90\"\n                    style=\"max-width:100%;\"\n                \/>\n            <\/a>\n        <\/div>\n\t\t\t\t\t\t\t<\/div> \n\t\t\t\n        \n\t\t\t\t<div id=\"ngg-image-3\" class=\"ngg-gallery-thumbnail-box\" >\n\t\t\t\t        <div class=\"ngg-gallery-thumbnail\">\n            <a href=\"https:\/\/www.ws-brb.de\/wp-content\/gallery\/schalungstraggeruest\/st-gerueste-4.jpg\"\n               title=\"\"\n               data-src=\"https:\/\/www.ws-brb.de\/wp-content\/gallery\/schalungstraggeruest\/st-gerueste-4.jpg\"\n               data-thumbnail=\"https:\/\/www.ws-brb.de\/wp-content\/gallery\/schalungstraggeruest\/thumbs\/thumbs_st-gerueste-4.jpg\"\n               data-image-id=\"33\"\n               data-title=\"st-gerueste-4.jpg\"\n               data-description=\"\"\n               data-image-slug=\"st-gerueste-4-jpg\"\n               class=\"ngg-fancybox\" rel=\"f6ef1acb3f0f1eb7ca4c656e26eaf9cc\">\n                <img\n                    title=\"st-gerueste-4.jpg\"\n                    alt=\"st-gerueste-4.jpg\"\n                    src=\"https:\/\/www.ws-brb.de\/wp-content\/gallery\/schalungstraggeruest\/thumbs\/thumbs_st-gerueste-4.jpg\"\n                    width=\"120\"\n                    height=\"90\"\n                    style=\"max-width:100%;\"\n                \/>\n            <\/a>\n        <\/div>\n\t\t\t\t\t\t\t<\/div> \n\t\t\t\n        \n\t\t\t\t<div id=\"ngg-image-4\" class=\"ngg-gallery-thumbnail-box\" >\n\t\t\t\t        <div class=\"ngg-gallery-thumbnail\">\n            <a href=\"https:\/\/www.ws-brb.de\/wp-content\/gallery\/schalungstraggeruest\/st-gerueste-5.jpg\"\n               title=\"\"\n               data-src=\"https:\/\/www.ws-brb.de\/wp-content\/gallery\/schalungstraggeruest\/st-gerueste-5.jpg\"\n               data-thumbnail=\"https:\/\/www.ws-brb.de\/wp-content\/gallery\/schalungstraggeruest\/thumbs\/thumbs_st-gerueste-5.jpg\"\n               data-image-id=\"34\"\n               data-title=\"st-gerueste-5.jpg\"\n               data-description=\"\"\n               data-image-slug=\"st-gerueste-5-jpg\"\n               class=\"ngg-fancybox\" rel=\"f6ef1acb3f0f1eb7ca4c656e26eaf9cc\">\n                <img\n                    title=\"st-gerueste-5.jpg\"\n                    alt=\"st-gerueste-5.jpg\"\n                    src=\"https:\/\/www.ws-brb.de\/wp-content\/gallery\/schalungstraggeruest\/thumbs\/thumbs_st-gerueste-5.jpg\"\n                    width=\"120\"\n                    height=\"90\"\n                    style=\"max-width:100%;\"\n                \/>\n            <\/a>\n        <\/div>\n\t\t\t\t\t\t\t<\/div> \n\t\t\t\n        \n\t\t\n\t\t<!-- Pagination -->\n\t<div class='ngg-clear'><\/div>\t<\/div>\n\n<p>&nbsp;<\/p>\n","protected":false},"excerpt":{"rendered":"<p>Flex-Decke Vielseitige konvetionelle Holztr\u00e4ger-Deckenschalung. MevaDec Systemdecke f\u00fcr Wohnungs- und Industriebau\u00a0aber ebenso f\u00fcr kleine und komplizierte Grundrisse.\u00a0Durch den Fallkopf besteht die M\u00f6glichkeit des Fr\u00fchausschalens. Alu-Flex Decke Durch Alu-Tr\u00e4ger leichter, wirtschaftlicher und\u00a0langlebiger als herk\u00f6mmliche Holztr\u00e4gerdecken. Schalungs- und Tragger\u00fcst Vielfach verwendbares Alu-Schalungs- und Tragger\u00fcst. &nbsp;<\/p>\n","protected":false},"author":1,"featured_media":0,"parent":0,"menu_order":0,"comment_status":"closed","ping_status":"closed","template":"","meta":{"ngg_post_thumbnail":0},"_links":{"self":[{"href":"https:\/\/www.ws-brb.de\/index.php?rest_route=\/wp\/v2\/pages\/171"}],"collection":[{"href":"https:\/\/www.ws-brb.de\/index.php?rest_route=\/wp\/v2\/pages"}],"about":[{"href":"https:\/\/www.ws-brb.de\/index.php?rest_route=\/wp\/v2\/types\/page"}],"author":[{"embeddable":true,"href":"https:\/\/www.ws-brb.de\/index.php?rest_route=\/wp\/v2\/users\/1"}],"replies":[{"embeddable":true,"href":"https:\/\/www.ws-brb.de\/index.php?rest_route=%2Fwp%2Fv2%2Fcomments&post=171"}],"version-history":[{"count":15,"href":"https:\/\/www.ws-brb.de\/index.php?rest_route=\/wp\/v2\/pages\/171\/revisions"}],"predecessor-version":[{"id":366,"href":"https:\/\/www.ws-brb.de\/index.php?rest_route=\/wp\/v2\/pages\/171\/revisions\/366"}],"wp:attachment":[{"href":"https:\/\/www.ws-brb.de\/index.php?rest_route=%2Fwp%2Fv2%2Fmedia&parent=171"}],"curies":[{"name":"wp","href":"https:\/\/api.w.org\/{rel}","templated":true}]}}