{"id":167,"date":"2015-03-10T08:43:19","date_gmt":"2015-03-10T08:43:19","guid":{"rendered":"http:\/\/www.ws-brb.de\/?page_id=167"},"modified":"2019-03-08T11:41:34","modified_gmt":"2019-03-08T11:41:34","slug":"fundamentschalung","status":"publish","type":"page","link":"https:\/\/www.ws-brb.de\/?page_id=167","title":{"rendered":"Fundamentschalung"},"content":{"rendered":"<h3>Fundamentschalung<\/h3>\n<p>Ein kleinfl\u00e4chiges vielseitiges Rahmenschalungs-System f\u00fcr Schalungsaufgaben im Hoch und Tiefbau ist&nbsp;einsetzbar z.B. in Streifen- und Einzelfundamenten sowie Unter- und \u00dcberz\u00fcgen.<\/p>\n<div class=\"ff fruitful_sep ff-root\" style=\"height: 1px;background-color: #e0e0e0;\" data-aos=\"fade\" data-aos-once=\"true\"><\/div>\n<h3>Schalungen f\u00fcr Bodenplatten<\/h3>\n<!-- index.php -->\n<div\n\tclass=\"ngg-galleryoverview ngg-ajax-pagination-none\"\n\tid=\"ngg-gallery-0cf76345ec2465d70ee5b49d70ffd71c-1\">\n\n    \t\t<!-- Thumbnails -->\n\t\t\t\t<div id=\"ngg-image-0\" class=\"ngg-gallery-thumbnail-box\" >\n\t\t\t\t        <div class=\"ngg-gallery-thumbnail\">\n            <a href=\"https:\/\/www.ws-brb.de\/wp-content\/gallery\/bodenplatte\/bodplat1.jpg\"\n               title=\"\"\n               data-src=\"https:\/\/www.ws-brb.de\/wp-content\/gallery\/bodenplatte\/bodplat1.jpg\"\n               data-thumbnail=\"https:\/\/www.ws-brb.de\/wp-content\/gallery\/bodenplatte\/thumbs\/thumbs_bodplat1.jpg\"\n               data-image-id=\"150\"\n               data-title=\"bodplat1\"\n               data-description=\"\"\n               data-image-slug=\"bodplat1\"\n               class=\"ngg-fancybox\" rel=\"0cf76345ec2465d70ee5b49d70ffd71c\">\n                <img\n                    title=\"bodplat1\"\n                    alt=\"bodplat1\"\n                    src=\"https:\/\/www.ws-brb.de\/wp-content\/gallery\/bodenplatte\/thumbs\/thumbs_bodplat1.jpg\"\n                    width=\"120\"\n                    height=\"90\"\n                    style=\"max-width:100%;\"\n                \/>\n            <\/a>\n        <\/div>\n\t\t\t\t\t\t\t<\/div> \n\t\t\t\n        \n\t\t\t\t<div id=\"ngg-image-1\" class=\"ngg-gallery-thumbnail-box\" >\n\t\t\t\t        <div class=\"ngg-gallery-thumbnail\">\n            <a href=\"https:\/\/www.ws-brb.de\/wp-content\/gallery\/bodenplatte\/bodplat2.jpg\"\n               title=\"\"\n               data-src=\"https:\/\/www.ws-brb.de\/wp-content\/gallery\/bodenplatte\/bodplat2.jpg\"\n               data-thumbnail=\"https:\/\/www.ws-brb.de\/wp-content\/gallery\/bodenplatte\/thumbs\/thumbs_bodplat2.jpg\"\n               data-image-id=\"151\"\n               data-title=\"bodplat2\"\n               data-description=\"\"\n               data-image-slug=\"bodplat2\"\n               class=\"ngg-fancybox\" rel=\"0cf76345ec2465d70ee5b49d70ffd71c\">\n                <img\n                    title=\"bodplat2\"\n                    alt=\"bodplat2\"\n                    src=\"https:\/\/www.ws-brb.de\/wp-content\/gallery\/bodenplatte\/thumbs\/thumbs_bodplat2.jpg\"\n                    width=\"120\"\n                    height=\"90\"\n                    style=\"max-width:100%;\"\n                \/>\n            <\/a>\n        <\/div>\n\t\t\t\t\t\t\t<\/div> \n\t\t\t\n        \n\t\t\t\t<div id=\"ngg-image-2\" class=\"ngg-gallery-thumbnail-box\" >\n\t\t\t\t        <div class=\"ngg-gallery-thumbnail\">\n            <a href=\"https:\/\/www.ws-brb.de\/wp-content\/gallery\/bodenplatte\/bodplat3.jpg\"\n               title=\"\"\n               data-src=\"https:\/\/www.ws-brb.de\/wp-content\/gallery\/bodenplatte\/bodplat3.jpg\"\n               data-thumbnail=\"https:\/\/www.ws-brb.de\/wp-content\/gallery\/bodenplatte\/thumbs\/thumbs_bodplat3.jpg\"\n               data-image-id=\"152\"\n               data-title=\"bodplat3\"\n               data-description=\"\"\n               data-image-slug=\"bodplat3\"\n               class=\"ngg-fancybox\" rel=\"0cf76345ec2465d70ee5b49d70ffd71c\">\n                <img\n                    title=\"bodplat3\"\n                    alt=\"bodplat3\"\n                    src=\"https:\/\/www.ws-brb.de\/wp-content\/gallery\/bodenplatte\/thumbs\/thumbs_bodplat3.jpg\"\n                    width=\"120\"\n                    height=\"90\"\n                    style=\"max-width:100%;\"\n                \/>\n            <\/a>\n        <\/div>\n\t\t\t\t\t\t\t<\/div> \n\t\t\t\n        \n\t\t\t\t<div id=\"ngg-image-3\" class=\"ngg-gallery-thumbnail-box\" >\n\t\t\t\t        <div class=\"ngg-gallery-thumbnail\">\n            <a href=\"https:\/\/www.ws-brb.de\/wp-content\/gallery\/bodenplatte\/bodplat4.jpg\"\n               title=\"\"\n               data-src=\"https:\/\/www.ws-brb.de\/wp-content\/gallery\/bodenplatte\/bodplat4.jpg\"\n               data-thumbnail=\"https:\/\/www.ws-brb.de\/wp-content\/gallery\/bodenplatte\/thumbs\/thumbs_bodplat4.jpg\"\n               data-image-id=\"153\"\n               data-title=\"bodplat4\"\n               data-description=\"\"\n               data-image-slug=\"bodplat4\"\n               class=\"ngg-fancybox\" rel=\"0cf76345ec2465d70ee5b49d70ffd71c\">\n                <img\n                    title=\"bodplat4\"\n                    alt=\"bodplat4\"\n                    src=\"https:\/\/www.ws-brb.de\/wp-content\/gallery\/bodenplatte\/thumbs\/thumbs_bodplat4.jpg\"\n                    width=\"120\"\n                    height=\"90\"\n                    style=\"max-width:100%;\"\n                \/>\n            <\/a>\n        <\/div>\n\t\t\t\t\t\t\t<\/div> \n\t\t\t\n        \n\t\t\t\t<div id=\"ngg-image-4\" class=\"ngg-gallery-thumbnail-box\" >\n\t\t\t\t        <div class=\"ngg-gallery-thumbnail\">\n            <a href=\"https:\/\/www.ws-brb.de\/wp-content\/gallery\/bodenplatte\/bodplat5.jpg\"\n               title=\"\"\n               data-src=\"https:\/\/www.ws-brb.de\/wp-content\/gallery\/bodenplatte\/bodplat5.jpg\"\n               data-thumbnail=\"https:\/\/www.ws-brb.de\/wp-content\/gallery\/bodenplatte\/thumbs\/thumbs_bodplat5.jpg\"\n               data-image-id=\"154\"\n               data-title=\"bodplat5\"\n               data-description=\"\"\n               data-image-slug=\"bodplat5\"\n               class=\"ngg-fancybox\" rel=\"0cf76345ec2465d70ee5b49d70ffd71c\">\n                <img\n                    title=\"bodplat5\"\n                    alt=\"bodplat5\"\n                    src=\"https:\/\/www.ws-brb.de\/wp-content\/gallery\/bodenplatte\/thumbs\/thumbs_bodplat5.jpg\"\n                    width=\"120\"\n                    height=\"90\"\n                    style=\"max-width:100%;\"\n                \/>\n            <\/a>\n        <\/div>\n\t\t\t\t\t\t\t<\/div> \n\t\t\t\n        \n\t\t\t\t<div id=\"ngg-image-5\" class=\"ngg-gallery-thumbnail-box\" >\n\t\t\t\t        <div class=\"ngg-gallery-thumbnail\">\n            <a href=\"https:\/\/www.ws-brb.de\/wp-content\/gallery\/bodenplatte\/bodplat6.jpg\"\n               title=\"\"\n               data-src=\"https:\/\/www.ws-brb.de\/wp-content\/gallery\/bodenplatte\/bodplat6.jpg\"\n               data-thumbnail=\"https:\/\/www.ws-brb.de\/wp-content\/gallery\/bodenplatte\/thumbs\/thumbs_bodplat6.jpg\"\n               data-image-id=\"155\"\n               data-title=\"bodplat6\"\n               data-description=\"\"\n               data-image-slug=\"bodplat6\"\n               class=\"ngg-fancybox\" rel=\"0cf76345ec2465d70ee5b49d70ffd71c\">\n                <img\n                    title=\"bodplat6\"\n                    alt=\"bodplat6\"\n                    src=\"https:\/\/www.ws-brb.de\/wp-content\/gallery\/bodenplatte\/thumbs\/thumbs_bodplat6.jpg\"\n                    width=\"120\"\n                    height=\"90\"\n                    style=\"max-width:100%;\"\n                \/>\n            <\/a>\n        <\/div>\n\t\t\t\t\t\t\t<\/div> \n\t\t\t\n        \n\t\t\t\t<div id=\"ngg-image-6\" class=\"ngg-gallery-thumbnail-box\" >\n\t\t\t\t        <div class=\"ngg-gallery-thumbnail\">\n            <a href=\"https:\/\/www.ws-brb.de\/wp-content\/gallery\/bodenplatte\/bodplat7.jpg\"\n               title=\"\"\n               data-src=\"https:\/\/www.ws-brb.de\/wp-content\/gallery\/bodenplatte\/bodplat7.jpg\"\n               data-thumbnail=\"https:\/\/www.ws-brb.de\/wp-content\/gallery\/bodenplatte\/thumbs\/thumbs_bodplat7.jpg\"\n               data-image-id=\"156\"\n               data-title=\"bodplat7\"\n               data-description=\"\"\n               data-image-slug=\"bodplat7\"\n               class=\"ngg-fancybox\" rel=\"0cf76345ec2465d70ee5b49d70ffd71c\">\n                <img\n                    title=\"bodplat7\"\n                    alt=\"bodplat7\"\n                    src=\"https:\/\/www.ws-brb.de\/wp-content\/gallery\/bodenplatte\/thumbs\/thumbs_bodplat7.jpg\"\n                    width=\"120\"\n                    height=\"90\"\n                    style=\"max-width:100%;\"\n                \/>\n            <\/a>\n        <\/div>\n\t\t\t\t\t\t\t<\/div> \n\t\t\t\n        \n\t\t\n\t\t<!-- Pagination -->\n\t<div class='ngg-clear'><\/div>\t<\/div>\n\n<h3>Einzelfundamente<\/h3>\n<!-- index.php -->\n<div\n\tclass=\"ngg-galleryoverview ngg-ajax-pagination-none\"\n\tid=\"ngg-gallery-9b656a94f232142cb736c491a3ad3ee4-1\">\n\n    \t\t<!-- Thumbnails -->\n\t\t\t\t<div id=\"ngg-image-0\" class=\"ngg-gallery-thumbnail-box\" >\n\t\t\t\t        <div class=\"ngg-gallery-thumbnail\">\n            <a href=\"https:\/\/www.ws-brb.de\/wp-content\/gallery\/einzelfundament\/EF1.jpg\"\n               title=\"\"\n               data-src=\"https:\/\/www.ws-brb.de\/wp-content\/gallery\/einzelfundament\/EF1.jpg\"\n               data-thumbnail=\"https:\/\/www.ws-brb.de\/wp-content\/gallery\/einzelfundament\/thumbs\/thumbs_EF1.jpg\"\n               data-image-id=\"43\"\n               data-title=\"EF1\"\n               data-description=\"\"\n               data-image-slug=\"ef1\"\n               class=\"ngg-fancybox\" rel=\"9b656a94f232142cb736c491a3ad3ee4\">\n                <img\n                    title=\"EF1\"\n                    alt=\"EF1\"\n                    src=\"https:\/\/www.ws-brb.de\/wp-content\/gallery\/einzelfundament\/thumbs\/thumbs_EF1.jpg\"\n                    width=\"120\"\n                    height=\"90\"\n                    style=\"max-width:100%;\"\n                \/>\n            <\/a>\n        <\/div>\n\t\t\t\t\t\t\t<\/div> \n\t\t\t\n        \n\t\t\t\t<div id=\"ngg-image-1\" class=\"ngg-gallery-thumbnail-box\" >\n\t\t\t\t        <div class=\"ngg-gallery-thumbnail\">\n            <a href=\"https:\/\/www.ws-brb.de\/wp-content\/gallery\/einzelfundament\/EF2.jpg\"\n               title=\"\"\n               data-src=\"https:\/\/www.ws-brb.de\/wp-content\/gallery\/einzelfundament\/EF2.jpg\"\n               data-thumbnail=\"https:\/\/www.ws-brb.de\/wp-content\/gallery\/einzelfundament\/thumbs\/thumbs_EF2.jpg\"\n               data-image-id=\"44\"\n               data-title=\"EF2\"\n               data-description=\"\"\n               data-image-slug=\"ef2\"\n               class=\"ngg-fancybox\" rel=\"9b656a94f232142cb736c491a3ad3ee4\">\n                <img\n                    title=\"EF2\"\n                    alt=\"EF2\"\n                    src=\"https:\/\/www.ws-brb.de\/wp-content\/gallery\/einzelfundament\/thumbs\/thumbs_EF2.jpg\"\n                    width=\"120\"\n                    height=\"90\"\n                    style=\"max-width:100%;\"\n                \/>\n            <\/a>\n        <\/div>\n\t\t\t\t\t\t\t<\/div> \n\t\t\t\n        \n\t\t\n\t\t<!-- Pagination -->\n\t<div class='ngg-clear'><\/div>\t<\/div>\n\n<h3>Streifenfundamente<\/h3>\n<!-- index.php -->\n<div\n\tclass=\"ngg-galleryoverview ngg-ajax-pagination-none\"\n\tid=\"ngg-gallery-3498f93b5852377c593db67da3eacbaa-1\">\n\n    \t\t<!-- Thumbnails -->\n\t\t\t\t<div id=\"ngg-image-0\" class=\"ngg-gallery-thumbnail-box\" >\n\t\t\t\t        <div class=\"ngg-gallery-thumbnail\">\n            <a href=\"https:\/\/www.ws-brb.de\/wp-content\/gallery\/streifenfundament\/SF1.jpg\"\n               title=\"\"\n               data-src=\"https:\/\/www.ws-brb.de\/wp-content\/gallery\/streifenfundament\/SF1.jpg\"\n               data-thumbnail=\"https:\/\/www.ws-brb.de\/wp-content\/gallery\/streifenfundament\/thumbs\/thumbs_SF1.jpg\"\n               data-image-id=\"41\"\n               data-title=\"SF1\"\n               data-description=\"\"\n               data-image-slug=\"sf1\"\n               class=\"ngg-fancybox\" rel=\"3498f93b5852377c593db67da3eacbaa\">\n                <img\n                    title=\"SF1\"\n                    alt=\"SF1\"\n                    src=\"https:\/\/www.ws-brb.de\/wp-content\/gallery\/streifenfundament\/thumbs\/thumbs_SF1.jpg\"\n                    width=\"120\"\n                    height=\"90\"\n                    style=\"max-width:100%;\"\n                \/>\n            <\/a>\n        <\/div>\n\t\t\t\t\t\t\t<\/div> \n\t\t\t\n        \n\t\t\t\t<div id=\"ngg-image-1\" class=\"ngg-gallery-thumbnail-box\" >\n\t\t\t\t        <div class=\"ngg-gallery-thumbnail\">\n            <a href=\"https:\/\/www.ws-brb.de\/wp-content\/gallery\/streifenfundament\/SF2.jpg\"\n               title=\"\"\n               data-src=\"https:\/\/www.ws-brb.de\/wp-content\/gallery\/streifenfundament\/SF2.jpg\"\n               data-thumbnail=\"https:\/\/www.ws-brb.de\/wp-content\/gallery\/streifenfundament\/thumbs\/thumbs_SF2.jpg\"\n               data-image-id=\"42\"\n               data-title=\"SF2\"\n               data-description=\"\"\n               data-image-slug=\"sf2\"\n               class=\"ngg-fancybox\" rel=\"3498f93b5852377c593db67da3eacbaa\">\n                <img\n                    title=\"SF2\"\n                    alt=\"SF2\"\n                    src=\"https:\/\/www.ws-brb.de\/wp-content\/gallery\/streifenfundament\/thumbs\/thumbs_SF2.jpg\"\n                    width=\"120\"\n                    height=\"90\"\n                    style=\"max-width:100%;\"\n                \/>\n            <\/a>\n        <\/div>\n\t\t\t\t\t\t\t<\/div> \n\t\t\t\n        \n\t\t\t\t<div id=\"ngg-image-2\" class=\"ngg-gallery-thumbnail-box\" >\n\t\t\t\t        <div class=\"ngg-gallery-thumbnail\">\n            <a href=\"https:\/\/www.ws-brb.de\/wp-content\/gallery\/streifenfundament\/SF3.jpg\"\n               title=\"\"\n               data-src=\"https:\/\/www.ws-brb.de\/wp-content\/gallery\/streifenfundament\/SF3.jpg\"\n               data-thumbnail=\"https:\/\/www.ws-brb.de\/wp-content\/gallery\/streifenfundament\/thumbs\/thumbs_SF3.jpg\"\n               data-image-id=\"45\"\n               data-title=\"SF3\"\n               data-description=\"\"\n               data-image-slug=\"sf3\"\n               class=\"ngg-fancybox\" rel=\"3498f93b5852377c593db67da3eacbaa\">\n                <img\n                    title=\"SF3\"\n                    alt=\"SF3\"\n                    src=\"https:\/\/www.ws-brb.de\/wp-content\/gallery\/streifenfundament\/thumbs\/thumbs_SF3.jpg\"\n                    width=\"120\"\n                    height=\"90\"\n                    style=\"max-width:100%;\"\n                \/>\n            <\/a>\n        <\/div>\n\t\t\t\t\t\t\t<\/div> \n\t\t\t\n        \n\t\t\t\t<div id=\"ngg-image-3\" class=\"ngg-gallery-thumbnail-box\" >\n\t\t\t\t        <div class=\"ngg-gallery-thumbnail\">\n            <a href=\"https:\/\/www.ws-brb.de\/wp-content\/gallery\/streifenfundament\/SF4.jpg\"\n               title=\"\"\n               data-src=\"https:\/\/www.ws-brb.de\/wp-content\/gallery\/streifenfundament\/SF4.jpg\"\n               data-thumbnail=\"https:\/\/www.ws-brb.de\/wp-content\/gallery\/streifenfundament\/thumbs\/thumbs_SF4.jpg\"\n               data-image-id=\"50\"\n               data-title=\"SF4\"\n               data-description=\"\"\n               data-image-slug=\"sf4\"\n               class=\"ngg-fancybox\" rel=\"3498f93b5852377c593db67da3eacbaa\">\n                <img\n                    title=\"SF4\"\n                    alt=\"SF4\"\n                    src=\"https:\/\/www.ws-brb.de\/wp-content\/gallery\/streifenfundament\/thumbs\/thumbs_SF4.jpg\"\n                    width=\"120\"\n                    height=\"90\"\n                    style=\"max-width:100%;\"\n                \/>\n            <\/a>\n        <\/div>\n\t\t\t\t\t\t\t<\/div> \n\t\t\t\n        \n\t\t\t\t<div id=\"ngg-image-4\" class=\"ngg-gallery-thumbnail-box\" >\n\t\t\t\t        <div class=\"ngg-gallery-thumbnail\">\n            <a href=\"https:\/\/www.ws-brb.de\/wp-content\/gallery\/streifenfundament\/SF5.jpg\"\n               title=\"\"\n               data-src=\"https:\/\/www.ws-brb.de\/wp-content\/gallery\/streifenfundament\/SF5.jpg\"\n               data-thumbnail=\"https:\/\/www.ws-brb.de\/wp-content\/gallery\/streifenfundament\/thumbs\/thumbs_SF5.jpg\"\n               data-image-id=\"51\"\n               data-title=\"SF5\"\n               data-description=\"\"\n               data-image-slug=\"sf5\"\n               class=\"ngg-fancybox\" rel=\"3498f93b5852377c593db67da3eacbaa\">\n                <img\n                    title=\"SF5\"\n                    alt=\"SF5\"\n                    src=\"https:\/\/www.ws-brb.de\/wp-content\/gallery\/streifenfundament\/thumbs\/thumbs_SF5.jpg\"\n                    width=\"120\"\n                    height=\"90\"\n                    style=\"max-width:100%;\"\n                \/>\n            <\/a>\n        <\/div>\n\t\t\t\t\t\t\t<\/div> \n\t\t\t\n        \n\t\t\n\t\t<!-- Pagination -->\n\t<div class='ngg-clear'><\/div>\t<\/div>\n\n<h3>Unter- und \u00dcberz\u00fcge sowie Ringankerschalung<\/h3>\n<!-- index.php -->\n<div\n\tclass=\"ngg-galleryoverview ngg-ajax-pagination-none\"\n\tid=\"ngg-gallery-595cb0a237dba3f717ba2e3a85636a0e-1\">\n\n    \t\t<!-- Thumbnails -->\n\t\t\t\t<div id=\"ngg-image-0\" class=\"ngg-gallery-thumbnail-box\" >\n\t\t\t\t        <div class=\"ngg-gallery-thumbnail\">\n            <a href=\"https:\/\/www.ws-brb.de\/wp-content\/gallery\/unterueberzuegeringanker\/UUR1.jpg\"\n               title=\"\"\n               data-src=\"https:\/\/www.ws-brb.de\/wp-content\/gallery\/unterueberzuegeringanker\/UUR1.jpg\"\n               data-thumbnail=\"https:\/\/www.ws-brb.de\/wp-content\/gallery\/unterueberzuegeringanker\/thumbs\/thumbs_UUR1.jpg\"\n               data-image-id=\"46\"\n               data-title=\"UUR1\"\n               data-description=\"\"\n               data-image-slug=\"uur1\"\n               class=\"ngg-fancybox\" rel=\"595cb0a237dba3f717ba2e3a85636a0e\">\n                <img\n                    title=\"UUR1\"\n                    alt=\"UUR1\"\n                    src=\"https:\/\/www.ws-brb.de\/wp-content\/gallery\/unterueberzuegeringanker\/thumbs\/thumbs_UUR1.jpg\"\n                    width=\"120\"\n                    height=\"90\"\n                    style=\"max-width:100%;\"\n                \/>\n            <\/a>\n        <\/div>\n\t\t\t\t\t\t\t<\/div> \n\t\t\t\n        \n\t\t\t\t<div id=\"ngg-image-1\" class=\"ngg-gallery-thumbnail-box\" >\n\t\t\t\t        <div class=\"ngg-gallery-thumbnail\">\n            <a href=\"https:\/\/www.ws-brb.de\/wp-content\/gallery\/unterueberzuegeringanker\/UUR2.jpg\"\n               title=\"\"\n               data-src=\"https:\/\/www.ws-brb.de\/wp-content\/gallery\/unterueberzuegeringanker\/UUR2.jpg\"\n               data-thumbnail=\"https:\/\/www.ws-brb.de\/wp-content\/gallery\/unterueberzuegeringanker\/thumbs\/thumbs_UUR2.jpg\"\n               data-image-id=\"47\"\n               data-title=\"UUR2\"\n               data-description=\"\"\n               data-image-slug=\"uur2\"\n               class=\"ngg-fancybox\" rel=\"595cb0a237dba3f717ba2e3a85636a0e\">\n                <img\n                    title=\"UUR2\"\n                    alt=\"UUR2\"\n                    src=\"https:\/\/www.ws-brb.de\/wp-content\/gallery\/unterueberzuegeringanker\/thumbs\/thumbs_UUR2.jpg\"\n                    width=\"120\"\n                    height=\"90\"\n                    style=\"max-width:100%;\"\n                \/>\n            <\/a>\n        <\/div>\n\t\t\t\t\t\t\t<\/div> \n\t\t\t\n        \n\t\t\t\t<div id=\"ngg-image-2\" class=\"ngg-gallery-thumbnail-box\" >\n\t\t\t\t        <div class=\"ngg-gallery-thumbnail\">\n            <a href=\"https:\/\/www.ws-brb.de\/wp-content\/gallery\/unterueberzuegeringanker\/UUR3.jpg\"\n               title=\"\"\n               data-src=\"https:\/\/www.ws-brb.de\/wp-content\/gallery\/unterueberzuegeringanker\/UUR3.jpg\"\n               data-thumbnail=\"https:\/\/www.ws-brb.de\/wp-content\/gallery\/unterueberzuegeringanker\/thumbs\/thumbs_UUR3.jpg\"\n               data-image-id=\"48\"\n               data-title=\"UUR3\"\n               data-description=\"\"\n               data-image-slug=\"uur3\"\n               class=\"ngg-fancybox\" rel=\"595cb0a237dba3f717ba2e3a85636a0e\">\n                <img\n                    title=\"UUR3\"\n                    alt=\"UUR3\"\n                    src=\"https:\/\/www.ws-brb.de\/wp-content\/gallery\/unterueberzuegeringanker\/thumbs\/thumbs_UUR3.jpg\"\n                    width=\"120\"\n                    height=\"90\"\n                    style=\"max-width:100%;\"\n                \/>\n            <\/a>\n        <\/div>\n\t\t\t\t\t\t\t<\/div> \n\t\t\t\n        \n\t\t\t\t<div id=\"ngg-image-3\" class=\"ngg-gallery-thumbnail-box\" >\n\t\t\t\t        <div class=\"ngg-gallery-thumbnail\">\n            <a href=\"https:\/\/www.ws-brb.de\/wp-content\/gallery\/unterueberzuegeringanker\/UUR4.jpg\"\n               title=\"\"\n               data-src=\"https:\/\/www.ws-brb.de\/wp-content\/gallery\/unterueberzuegeringanker\/UUR4.jpg\"\n               data-thumbnail=\"https:\/\/www.ws-brb.de\/wp-content\/gallery\/unterueberzuegeringanker\/thumbs\/thumbs_UUR4.jpg\"\n               data-image-id=\"49\"\n               data-title=\"UUR4\"\n               data-description=\"\"\n               data-image-slug=\"uur4\"\n               class=\"ngg-fancybox\" rel=\"595cb0a237dba3f717ba2e3a85636a0e\">\n                <img\n                    title=\"UUR4\"\n                    alt=\"UUR4\"\n                    src=\"https:\/\/www.ws-brb.de\/wp-content\/gallery\/unterueberzuegeringanker\/thumbs\/thumbs_UUR4.jpg\"\n                    width=\"120\"\n                    height=\"90\"\n                    style=\"max-width:100%;\"\n                \/>\n            <\/a>\n        <\/div>\n\t\t\t\t\t\t\t<\/div> \n\t\t\t\n        \n\t\t\t\t<div id=\"ngg-image-4\" class=\"ngg-gallery-thumbnail-box\" >\n\t\t\t\t        <div class=\"ngg-gallery-thumbnail\">\n            <a href=\"https:\/\/www.ws-brb.de\/wp-content\/gallery\/unterueberzuegeringanker\/UUR5.jpg\"\n               title=\"\"\n               data-src=\"https:\/\/www.ws-brb.de\/wp-content\/gallery\/unterueberzuegeringanker\/UUR5.jpg\"\n               data-thumbnail=\"https:\/\/www.ws-brb.de\/wp-content\/gallery\/unterueberzuegeringanker\/thumbs\/thumbs_UUR5.jpg\"\n               data-image-id=\"52\"\n               data-title=\"UUR5\"\n               data-description=\"\"\n               data-image-slug=\"uur5\"\n               class=\"ngg-fancybox\" rel=\"595cb0a237dba3f717ba2e3a85636a0e\">\n                <img\n                    title=\"UUR5\"\n                    alt=\"UUR5\"\n                    src=\"https:\/\/www.ws-brb.de\/wp-content\/gallery\/unterueberzuegeringanker\/thumbs\/thumbs_UUR5.jpg\"\n                    width=\"120\"\n                    height=\"90\"\n                    style=\"max-width:100%;\"\n                \/>\n            <\/a>\n        <\/div>\n\t\t\t\t\t\t\t<\/div> \n\t\t\t\n        \n\t\t\n\t\t<!-- Pagination -->\n\t<div class='ngg-clear'><\/div>\t<\/div>\n\n<div class=\"ff fruitful_sep ff-root\" style=\"height: 10px;background-color: #e0e0e0;\"><\/div>\n<ul>\n<li>\n<h4>Flexibel und von Hand einsetzbar ohne Kran<\/h4>\n<\/li>\n<li>\n<h4>F\u00fcr Hoch- und Tiefbau, Garten- und Landschaftsbau<\/h4>\n<\/li>\n<li>\n<h4>Frischbeton-Druckaufnahme von&nbsp;50kN\/m\u00b2<\/h4>\n<\/li>\n<\/ul>\n","protected":false},"excerpt":{"rendered":"<p>Fundamentschalung Ein kleinfl\u00e4chiges vielseitiges Rahmenschalungs-System f\u00fcr Schalungsaufgaben im Hoch und Tiefbau ist&nbsp;einsetzbar z.B. in Streifen- und Einzelfundamenten sowie Unter- und \u00dcberz\u00fcgen. Schalungen f\u00fcr Bodenplatten Einzelfundamente Streifenfundamente Unter- und \u00dcberz\u00fcge sowie Ringankerschalung Flexibel und von Hand einsetzbar ohne Kran F\u00fcr Hoch- und Tiefbau, Garten- und Landschaftsbau Frischbeton-Druckaufnahme von&nbsp;50kN\/m\u00b2<\/p>\n","protected":false},"author":1,"featured_media":0,"parent":0,"menu_order":0,"comment_status":"closed","ping_status":"closed","template":"","meta":{"ngg_post_thumbnail":0},"_links":{"self":[{"href":"https:\/\/www.ws-brb.de\/index.php?rest_route=\/wp\/v2\/pages\/167"}],"collection":[{"href":"https:\/\/www.ws-brb.de\/index.php?rest_route=\/wp\/v2\/pages"}],"about":[{"href":"https:\/\/www.ws-brb.de\/index.php?rest_route=\/wp\/v2\/types\/page"}],"author":[{"embeddable":true,"href":"https:\/\/www.ws-brb.de\/index.php?rest_route=\/wp\/v2\/users\/1"}],"replies":[{"embeddable":true,"href":"https:\/\/www.ws-brb.de\/index.php?rest_route=%2Fwp%2Fv2%2Fcomments&post=167"}],"version-history":[{"count":48,"href":"https:\/\/www.ws-brb.de\/index.php?rest_route=\/wp\/v2\/pages\/167\/revisions"}],"predecessor-version":[{"id":867,"href":"https:\/\/www.ws-brb.de\/index.php?rest_route=\/wp\/v2\/pages\/167\/revisions\/867"}],"wp:attachment":[{"href":"https:\/\/www.ws-brb.de\/index.php?rest_route=%2Fwp%2Fv2%2Fmedia&parent=167"}],"curies":[{"name":"wp","href":"https:\/\/api.w.org\/{rel}","templated":true}]}}